{"id":33,"date":"2018-02-25T21:59:36","date_gmt":"2018-02-25T20:59:36","guid":{"rendered":"http:\/\/equipense.fr\/?page_id=33"},"modified":"2025-01-31T15:37:52","modified_gmt":"2025-01-31T14:37:52","slug":"et-si-on-changeait-notre-regard-sur-la-psychotherapie","status":"publish","type":"page","link":"https:\/\/equipense.fr\/","title":{"rendered":"Et si on changeait notre regard sur la psychoth\u00e9rapie ?"},"content":{"rendered":"<p><img loading=\"lazy\" decoding=\"async\" class=\"wp-image-57 alignright\" src=\"https:\/\/equipense.fr\/wp-content\/uploads\/2018\/02\/6-1-300x200.jpg\" alt=\"\" width=\"486\" height=\"324\" srcset=\"https:\/\/equipense.fr\/wp-content\/uploads\/2018\/02\/6-1-300x200.jpg 300w, https:\/\/equipense.fr\/wp-content\/uploads\/2018\/02\/6-1-768x512.jpg 768w, https:\/\/equipense.fr\/wp-content\/uploads\/2018\/02\/6-1-1024x683.jpg 1024w, https:\/\/equipense.fr\/wp-content\/uploads\/2018\/02\/6-1-370x247.jpg 370w, https:\/\/equipense.fr\/wp-content\/uploads\/2018\/02\/6-1-1040x693.jpg 1040w, https:\/\/equipense.fr\/wp-content\/uploads\/2018\/02\/6-1.jpg 1944w\" sizes=\"auto, (max-width: 486px) 100vw, 486px\" \/><\/p>\n<p>Il y a forc\u00e9ment des moments dans notre vie qui nous font tr\u00e9bucher, vaciller et parfois tomber. Des pentes abruptes ou des mont\u00e9es imposantes sur notre chemin qui nous paraissent infranchissables. Dans ces p\u00e9riodes intenses, compliqu\u00e9es, parfois douloureuses qui nous mettent \u00e0 l&rsquo;\u00e9preuve, <strong>il est bon de pouvoir compter sur un ami sinc\u00e8re avec qui faire une pause<\/strong>. Un ami qui \u00e9coute, sans juger, et sur qui l&rsquo;on peut s&rsquo;appuyer le temps de se sentir \u00e0 nouveau pr\u00eat \u00e0 marcher, ind\u00e9pendant, grandi et aguerri par les difficult\u00e9s surmont\u00e9es.<\/p>\n<p><strong>Le psychologue est tr\u00e8s souvent un partenaire qui va alors faire un bout de chemin avec nous<\/strong>, comme un guide nous tendant la main pour nous relever, nous procurant quelques conseils pour reprendre la route avant de nous laisser poursuivre l&rsquo;aventure au d\u00e9tour d&rsquo;un chemin. Echanger, analyser et comprendre les raisons de la chute pour mieux la vivre et la pr\u00e9venir suffisent g\u00e9n\u00e9ralement \u00e0 apaiser les appr\u00e9hensions et \u00e0 reprendre le cours de sa vie.<img loading=\"lazy\" decoding=\"async\" class=\" wp-image-53 alignleft\" src=\"https:\/\/equipense.fr\/wp-content\/uploads\/2018\/02\/2-3-200x300.jpg\" alt=\"\" width=\"310\" height=\"465\" srcset=\"https:\/\/equipense.fr\/wp-content\/uploads\/2018\/02\/2-3-200x300.jpg 200w, https:\/\/equipense.fr\/wp-content\/uploads\/2018\/02\/2-3-768x1152.jpg 768w, https:\/\/equipense.fr\/wp-content\/uploads\/2018\/02\/2-3-683x1024.jpg 683w, https:\/\/equipense.fr\/wp-content\/uploads\/2018\/02\/2-3-370x555.jpg 370w, https:\/\/equipense.fr\/wp-content\/uploads\/2018\/02\/2-3-1040x1560.jpg 1040w, https:\/\/equipense.fr\/wp-content\/uploads\/2018\/02\/2-3.jpg 1296w\" sizes=\"auto, (max-width: 310px) 100vw, 310px\" \/><\/p>\n<p>&nbsp;<\/p>\n<p>&nbsp;<\/p>\n<p>&nbsp;<\/p>\n<p>Pour autant, il y a \u00e9galement des chutes plus dures, des peurs plus tenaces que le patient et le psychologue seuls peinent parfois \u00e0 effacer. Si l&rsquo;on pourrait penser qu&rsquo;il n&rsquo;y a alors plus rien \u00e0 faire, il faut savoir qu&rsquo;il existe <strong>des partenaires plus grands, plus forts et plus loyaux encore<\/strong>, capables de nous porter avec d\u00e9termination sur des distances infinies, de nous pousser hors des sentiers battus, de nous redonner confiance en nos capacit\u00e9s \u00e0 avancer et de nous soutenir de mani\u00e8re ind\u00e9fectible, quelques soient les obstacles qui se dresseront devant nous. Un v\u00e9ritable ami, qui n&rsquo;h\u00e9sitera pas, ne reculera pas, ne partira pas m\u00eame dans les situations les plus p\u00e9rilleuses.<\/p>\n<p>Bienvenue \u00e0 <strong>Equi&rsquo;Pense<\/strong>, le lieu o\u00f9 humains et animaux s&rsquo;entraident, s&rsquo;allient et se soudent pour braver toujours plus d&rsquo;\u00e9preuves.<\/p>\n\n\n<p><\/p>\n\n\n\n<p><\/p>\n\n\n\n<p><mark style=\"background-color:rgba(0, 0, 0, 0)\" class=\"has-inline-color has-vivid-red-color\">NOUVEAU !<\/mark> <\/p>\n\n\n\n<p><\/p>\n\n\n\n<p>Depuis le 15 Juin 2024, la s\u00e9curit\u00e9 sociale rembourse 12 s\u00e9ances de psychologie par an et par personne de plus de 3 ans, sans ordonnance, pour les personnes souffrants de troubles l\u00e9gers \u00e0 mod\u00e9r\u00e9s, gr\u00e2ce au dispositif Mon soutien psy. Le cabinet Equi&rsquo;pense est partenaire de ce dispositif : pour plus de renseignements, vous pouvez vous rendre sur le site Monsoutienpsy.ameli.fr ou vous pouvez me contacter par mail ou par t\u00e9l\u00e9phone.<\/p>\n","protected":false},"excerpt":{"rendered":"<p>Il y a forc\u00e9ment des moments dans notre vie qui nous font tr\u00e9bucher, vaciller et parfois tomber. Des pentes abruptes ou des mont\u00e9es imposantes sur notre chemin qui nous paraissent infranchissables. Dans ces p\u00e9riodes intenses,[&#8230;]<\/p>\n","protected":false},"author":1,"featured_media":0,"parent":0,"menu_order":0,"comment_status":"closed","ping_status":"closed","template":"","meta":{"footnotes":""},"class_list":["post-33","page","type-page","status-publish","hentry"],"_links":{"self":[{"href":"https:\/\/equipense.fr\/index.php?rest_route=\/wp\/v2\/pages\/33","targetHints":{"allow":["GET"]}}],"collection":[{"href":"https:\/\/equipense.fr\/index.php?rest_route=\/wp\/v2\/pages"}],"about":[{"href":"https:\/\/equipense.fr\/index.php?rest_route=\/wp\/v2\/types\/page"}],"author":[{"embeddable":true,"href":"https:\/\/equipense.fr\/index.php?rest_route=\/wp\/v2\/users\/1"}],"replies":[{"embeddable":true,"href":"https:\/\/equipense.fr\/index.php?rest_route=%2Fwp%2Fv2%2Fcomments&post=33"}],"version-history":[{"count":17,"href":"https:\/\/equipense.fr\/index.php?rest_route=\/wp\/v2\/pages\/33\/revisions"}],"predecessor-version":[{"id":177,"href":"https:\/\/equipense.fr\/index.php?rest_route=\/wp\/v2\/pages\/33\/revisions\/177"}],"wp:attachment":[{"href":"https:\/\/equipense.fr\/index.php?rest_route=%2Fwp%2Fv2%2Fmedia&parent=33"}],"curies":[{"name":"wp","href":"https:\/\/api.w.org\/{rel}","templated":true}]}}