{"id":32,"date":"2018-02-25T22:00:11","date_gmt":"2018-02-25T21:00:11","guid":{"rendered":"http:\/\/equipense.fr\/?page_id=32"},"modified":"2025-01-31T15:44:26","modified_gmt":"2025-01-31T14:44:26","slug":"contacts-et-tarifs","status":"publish","type":"page","link":"https:\/\/equipense.fr\/?page_id=32","title":{"rendered":"Tarifs, Horaires et Contacts"},"content":{"rendered":"<h4 style=\"text-align: center;\"><em>TARIFS<\/em><\/h4>\n<p><strong>S\u00e9ance de psychoth\u00e9rapie enfants\/ados\/adultes (de 30min \u00e0 45min) : <\/strong>50 euros<\/p>\n<p><strong>S\u00e9ance de psychoth\u00e9rapie sp\u00e9cialis\u00e9e (m\u00e9thode sp\u00e9cifique &#8211; de 1h \u00e0 2h) :<\/strong> 80 euros<\/p>\n<p><strong>S\u00e9ance d&rsquo;\u00e9quith\u00e9rapie enfants (environ 30min ) : <\/strong>50 euros<\/p>\n<p><strong>S\u00e9ance d&rsquo;\u00e9quith\u00e9rapie ados\/adultes (environ 1h) :<\/strong> 70 euros<\/p>\n<p><strong>R\u00e8glement possible par ch\u00e8que, esp\u00e8ces ou carte bancaire<\/strong><\/p>\n<p style=\"text-align: center;\"><em><strong>NOUVEAU !\u00a0<\/strong><\/em><\/p>\n<p><em>Depuis le 15 Juin 2024, la s\u00e9curit\u00e9 sociale rembourse 12 s\u00e9ances de psychologie par an et par personne de plus de 3 ans, sans ordonnance, pour les personnes souffrant de troubles l\u00e9gers \u00e0 mod\u00e9r\u00e9s, gr\u00e2ce au dispositif Mon soutien psy. Le cabinet Equi&rsquo;pense est partenaire de ce dispositif : pour plus de renseignements, vous pouvez vous rendre sur le site Monsoutienpsy.ameli.fr ou vous pouvez me contacter par mail ou par t\u00e9l\u00e9phone.<\/em><\/p>\n<h4 style=\"text-align: center;\"><em>POUR PRENDRE RDV<\/em><\/h4>\n<p>Il vous suffit de cliquer sur le bouton bleu en bas \u00e0 droite afin de prendre RDV en ligne directement via Doctolib.<\/p>\n<h4 style=\"text-align: center;\"><em>POUR ME JOINDRE<\/em><\/h4>\n<p>Autrement pour plus de renseignements, n&rsquo;h\u00e9sitez pas \u00e0 me laisser un message : <b>06.62.84.06.41<\/b><\/p>\n<p>ou \u00e0 tout moment :\u00a0<strong>equipense@gmail.com<\/strong><\/p>\n<h4 style=\"text-align: center;\"><em>HORAIRES D&rsquo;OUVERTURE<\/em><\/h4>\n<p>Le Mardi de <strong>9h \u00e0 19h<\/strong><\/p>\n<p>Le Mercredi de <strong>9h \u00e0 19h<\/strong><\/p>\n<p>Le Samedi de <strong>9h \u00e0 12h<\/strong><\/p>\n<p><strong>Je reste joignable par message les autres jours. <\/strong><\/p>\n<h4 style=\"text-align: center;\"><em>SE RENDRE AU CABINET<\/em><\/h4>\n<p><a href=\"https:\/\/www.google.com\/maps\/place\/Equipense\/@47.369393,6.0909823,17z\/data=!3m1!4b1!4m5!3m4!1s0x479284a1a2dd730d:0x85df111e9755a579!8m2!3d47.369393!4d6.093171?hl=fr&amp;authuser=0\">22b rue du mar\u00e9chal Moncey, 25870 PALISE (lien MAPS)<\/a><\/p>\n<p><strong>Depuis Besan\u00e7on (18km)<\/strong> : Direction Vesoul, se rendre \u00e0 Devecey, puis suivre Bonnay, puis Vieilley. Dans Vieilley tourner \u00e0 gauche direction Palise. Dans Palise, suivre les panneaux Poney Club.<\/p>\n<p><strong>Depuis Vesoul (35km)<\/strong> : Direction Besan\u00e7on, sortir de la nationale \u00e0 la sortie Sorans-les-Breurey\/They, puis tourner \u00e0 gauche direction They. Dans They, prendre \u00e0 droite direction Cromary. Dans Cromary, prendre \u00e0 gauche sur la place principale, puis prendre \u00e0 gauche apr\u00e8s le pont direction Palise. Dans Palise, suivre les panneaux Poney Club.<\/p>\n","protected":false},"excerpt":{"rendered":"<p>TARIFS S\u00e9ance de psychoth\u00e9rapie enfants\/ados\/adultes (de 30min \u00e0 45min) : 50 euros S\u00e9ance de psychoth\u00e9rapie sp\u00e9cialis\u00e9e (m\u00e9thode sp\u00e9cifique &#8211; de 1h \u00e0 2h) : 80 euros S\u00e9ance d&rsquo;\u00e9quith\u00e9rapie enfants (environ 30min ) : 50 euros[&#8230;]<\/p>\n","protected":false},"author":1,"featured_media":0,"parent":0,"menu_order":0,"comment_status":"closed","ping_status":"closed","template":"","meta":{"footnotes":""},"class_list":["post-32","page","type-page","status-publish","hentry"],"_links":{"self":[{"href":"https:\/\/equipense.fr\/index.php?rest_route=\/wp\/v2\/pages\/32","targetHints":{"allow":["GET"]}}],"collection":[{"href":"https:\/\/equipense.fr\/index.php?rest_route=\/wp\/v2\/pages"}],"about":[{"href":"https:\/\/equipense.fr\/index.php?rest_route=\/wp\/v2\/types\/page"}],"author":[{"embeddable":true,"href":"https:\/\/equipense.fr\/index.php?rest_route=\/wp\/v2\/users\/1"}],"replies":[{"embeddable":true,"href":"https:\/\/equipense.fr\/index.php?rest_route=%2Fwp%2Fv2%2Fcomments&post=32"}],"version-history":[{"count":15,"href":"https:\/\/equipense.fr\/index.php?rest_route=\/wp\/v2\/pages\/32\/revisions"}],"predecessor-version":[{"id":179,"href":"https:\/\/equipense.fr\/index.php?rest_route=\/wp\/v2\/pages\/32\/revisions\/179"}],"wp:attachment":[{"href":"https:\/\/equipense.fr\/index.php?rest_route=%2Fwp%2Fv2%2Fmedia&parent=32"}],"curies":[{"name":"wp","href":"https:\/\/api.w.org\/{rel}","templated":true}]}}