{"id":31,"date":"2018-02-25T22:00:11","date_gmt":"2018-02-25T21:00:11","guid":{"rendered":"http:\/\/equipense.fr\/?page_id=31"},"modified":"2025-01-31T15:30:33","modified_gmt":"2025-01-31T14:30:33","slug":"equitherapie","status":"publish","type":"page","link":"https:\/\/equipense.fr\/?page_id=31","title":{"rendered":"Equith\u00e9rapie"},"content":{"rendered":"<p><img loading=\"lazy\" decoding=\"async\" class=\" wp-image-43 alignright\" src=\"https:\/\/equipense.fr\/wp-content\/uploads\/2018\/02\/1-1-300x200.jpg\" alt=\"\" width=\"446\" height=\"297\" srcset=\"https:\/\/equipense.fr\/wp-content\/uploads\/2018\/02\/1-1-300x200.jpg 300w, https:\/\/equipense.fr\/wp-content\/uploads\/2018\/02\/1-1-768x512.jpg 768w, https:\/\/equipense.fr\/wp-content\/uploads\/2018\/02\/1-1-1024x683.jpg 1024w, https:\/\/equipense.fr\/wp-content\/uploads\/2018\/02\/1-1-370x247.jpg 370w, https:\/\/equipense.fr\/wp-content\/uploads\/2018\/02\/1-1-1040x693.jpg 1040w, https:\/\/equipense.fr\/wp-content\/uploads\/2018\/02\/1-1.jpg 1944w\" sizes=\"auto, (max-width: 446px) 100vw, 446px\" \/><em><strong>L\u2019\u00e9quith\u00e9rapie est un soin psychique<\/strong> m\u00e9diatis\u00e9 par le cheval et dispens\u00e9 \u00e0 une personne dans ses dimensions psychique et corporelle &#8211; Soci\u00e9t\u00e9 Fran\u00e7aise d&rsquo;Equith\u00e9rapie<\/em><\/p>\n<p>En effet, l&rsquo;\u00e9quith\u00e9rapie a pour buts la diminution de sympt\u00f4mes psychopathologiques, de renforcer le mieux-\u00eatre, le bien vivre ou encore le sentiment de confort. <strong>A aucun moment je ne pourrai par l&rsquo;\u00e9quith\u00e9rapie travailler sur un trouble physique ou moteur<\/strong>, car je ne suis ni m\u00e9decin ni kin\u00e9sith\u00e9rapeute. <strong>Le but n&rsquo;est pas non plus de vous apprendre \u00e0 monter \u00e0 cheval.<\/strong> L&rsquo;objet du soin concerne uniquement l&rsquo;appareil psychique de la personne prise en charge, son moral, sa personnalit\u00e9.<\/p>\n<p>Les s\u00e9ances d&rsquo;\u00e9quith\u00e9rapie sont dans l&rsquo;ensemble les m\u00eames que celles de th\u00e9rapies plus \u00ab\u00a0traditionnelles\u00a0\u00bb, en t\u00eate \u00e0 t\u00eate dans un bureau, dans lesquelles on utilise un m\u00e9diateur entre le th\u00e9rapeute et le patient pour faciliter l&rsquo;\u00e9change (p\u00e2te \u00e0 modeler, dessin, sculpture, etc.). La diff\u00e9rence se situe que le m\u00e9diateur utilis\u00e9 est un <strong>\u00eatre vivant poss\u00e9dant son propre appareil psychique\u00a0<\/strong>et donc capable d&rsquo;agir et de r\u00e9agir de son propre chef. De plus, le cheval poss\u00e8de ces qualit\u00e9s qu&rsquo;il est capable de porter et de transporter, de dialoguer sans parole, de regarder sans juger, d&rsquo;\u00eatre pr\u00e9sent sans \u00eatre intrusif et d&rsquo;accepter les erreurs sans jamais en garder aucune ranc\u0153ur. Le cheval est un animal sociable et authentique, il ne ment jamais.<\/p>\n<p><strong><img loading=\"lazy\" decoding=\"async\" class=\"wp-image-55 alignleft\" src=\"https:\/\/equipense.fr\/wp-content\/uploads\/2018\/02\/4-2-201x300.jpg\" alt=\"\" width=\"306\" height=\"456\" srcset=\"https:\/\/equipense.fr\/wp-content\/uploads\/2018\/02\/4-2-201x300.jpg 201w, https:\/\/equipense.fr\/wp-content\/uploads\/2018\/02\/4-2-768x1147.jpg 768w, https:\/\/equipense.fr\/wp-content\/uploads\/2018\/02\/4-2-685x1024.jpg 685w, https:\/\/equipense.fr\/wp-content\/uploads\/2018\/02\/4-2-370x553.jpg 370w, https:\/\/equipense.fr\/wp-content\/uploads\/2018\/02\/4-2-1040x1554.jpg 1040w, https:\/\/equipense.fr\/wp-content\/uploads\/2018\/02\/4-2.jpg 1296w\" sizes=\"auto, (max-width: 306px) 100vw, 306px\" \/><\/strong><\/p>\n<p><strong>Ces qualit\u00e9s ne font pas du cheval un th\u00e9rapeute, mais bien un partenaire<\/strong> qui, en lien avec le th\u00e9rapeute, pourra peut-\u00eatre l&rsquo;aider \u00e0 ouvrir de nouvelles portes, \u00e0 d\u00e9busquer de nouvelles pistes pour am\u00e9liorer la relation avec le patient et ainsi s&rsquo;approcher davantage des objectifs fix\u00e9s.<\/p>\n<p><strong>L&rsquo;\u00e9quith\u00e9rapie s&rsquo;adresse \u00e0 tous les patients, enfants ou adultes, avec ou sans handicap, de mani\u00e8re ponctuelle ou plus intensive, pour tous types de probl\u00e9matiques.\u00a0<\/strong>Elle permet de travailler la confiance et l&rsquo;estime de soi, l&rsquo;assurance, la capacit\u00e9 \u00e0 s&rsquo;imposer et \u00e0 se faire respecter, le rel\u00e2chement et le l\u00e2cher-prise, la relation \u00e0 l&rsquo;autre, etc. <strong>Des difficult\u00e9s que nous avons tous rencontr\u00e9es \u00e0 un moment ou un autre de notre vie.\u00a0<\/strong><\/p>\n","protected":false},"excerpt":{"rendered":"<p>L\u2019\u00e9quith\u00e9rapie est un soin psychique m\u00e9diatis\u00e9 par le cheval et dispens\u00e9 \u00e0 une personne dans ses dimensions psychique et corporelle &#8211; Soci\u00e9t\u00e9 Fran\u00e7aise d&rsquo;Equith\u00e9rapie En effet, l&rsquo;\u00e9quith\u00e9rapie a pour buts la diminution de sympt\u00f4mes psychopathologiques,[&#8230;]<\/p>\n","protected":false},"author":1,"featured_media":0,"parent":0,"menu_order":0,"comment_status":"closed","ping_status":"closed","template":"","meta":{"footnotes":""},"class_list":["post-31","page","type-page","status-publish","hentry"],"_links":{"self":[{"href":"https:\/\/equipense.fr\/index.php?rest_route=\/wp\/v2\/pages\/31","targetHints":{"allow":["GET"]}}],"collection":[{"href":"https:\/\/equipense.fr\/index.php?rest_route=\/wp\/v2\/pages"}],"about":[{"href":"https:\/\/equipense.fr\/index.php?rest_route=\/wp\/v2\/types\/page"}],"author":[{"embeddable":true,"href":"https:\/\/equipense.fr\/index.php?rest_route=\/wp\/v2\/users\/1"}],"replies":[{"embeddable":true,"href":"https:\/\/equipense.fr\/index.php?rest_route=%2Fwp%2Fv2%2Fcomments&post=31"}],"version-history":[{"count":11,"href":"https:\/\/equipense.fr\/index.php?rest_route=\/wp\/v2\/pages\/31\/revisions"}],"predecessor-version":[{"id":174,"href":"https:\/\/equipense.fr\/index.php?rest_route=\/wp\/v2\/pages\/31\/revisions\/174"}],"wp:attachment":[{"href":"https:\/\/equipense.fr\/index.php?rest_route=%2Fwp%2Fv2%2Fmedia&parent=31"}],"curies":[{"name":"wp","href":"https:\/\/api.w.org\/{rel}","templated":true}]}}