{"id":30,"date":"2018-02-25T22:00:11","date_gmt":"2018-02-25T21:00:11","guid":{"rendered":"http:\/\/equipense.fr\/?page_id=30"},"modified":"2025-01-31T15:49:17","modified_gmt":"2025-01-31T14:49:17","slug":"cabinet-de-psychologie","status":"publish","type":"page","link":"https:\/\/equipense.fr\/?page_id=30","title":{"rendered":"Cabinet de psychologie"},"content":{"rendered":"<p><img loading=\"lazy\" decoding=\"async\" class=\"wp-image-47 alignright\" src=\"https:\/\/equipense.fr\/wp-content\/uploads\/2018\/02\/3-1-200x300.jpg\" alt=\"\" width=\"310\" height=\"466\" srcset=\"https:\/\/equipense.fr\/wp-content\/uploads\/2018\/02\/3-1-200x300.jpg 200w, https:\/\/equipense.fr\/wp-content\/uploads\/2018\/02\/3-1-768x1152.jpg 768w, https:\/\/equipense.fr\/wp-content\/uploads\/2018\/02\/3-1-683x1024.jpg 683w, https:\/\/equipense.fr\/wp-content\/uploads\/2018\/02\/3-1-370x555.jpg 370w, https:\/\/equipense.fr\/wp-content\/uploads\/2018\/02\/3-1-1040x1560.jpg 1040w, https:\/\/equipense.fr\/wp-content\/uploads\/2018\/02\/3-1.jpg 1296w\" sizes=\"auto, (max-width: 310px) 100vw, 310px\" \/>Le cabinet se trouve au sein m\u00eame des Ecuries Dada Cool. Il se compose d&rsquo;une salle d&rsquo;attente et d&rsquo;un bureau accessibles aux personnes \u00e0 mobilit\u00e9 r\u00e9duite et poss\u00e8de une entr\u00e9e ind\u00e9pendante \u00e0 celle du centre \u00e9questre, sur le c\u00f4t\u00e9 du b\u00e2timent.<\/p>\n<p><strong>Le psychologue est un professionnel form\u00e9 \u00e0 l&rsquo;universit\u00e9 durant cinq ans<\/strong> ainsi que sur le terrain par le biais de plusieurs stages. Profession param\u00e9dicale r\u00e9glement\u00e9e, le psychologue poss\u00e8de un titre et est soumis au <strong>secret professionnel<\/strong>. <strong>Il n&rsquo;est pas m\u00e9decin<\/strong> et ne peut donc pas prescrire de m\u00e9dicaments, mais il poss\u00e8de les connaissances n\u00e9cessaires pour \u00e9changer avec d&rsquo;autres professionnels de sant\u00e9.<\/p>\n<p>Psychologue clinicienne d&rsquo;orientation th\u00e9orique int\u00e9grative, sp\u00e9cialis\u00e9e dans le psychotraumatisme, je suis form\u00e9e \u00e0 diff\u00e9rents types de prises en charge th\u00e9rapeutiques, ce qui me permet de <strong>m&rsquo;adapter aux besoins sp\u00e9cifiques de mes patients<\/strong>. En effet, pour moi, il existe autant de formes de th\u00e9rapies qu&rsquo;il y a d&rsquo;individus sur Terre et c&rsquo;est ensemble que, s\u00e9ance apr\u00e8s s\u00e9ance, psychologue et patient vont construire la th\u00e9rapie unique qui conviendra alors forc\u00e9ment. C&rsquo;est ainsi qu&rsquo;au sein d&rsquo;un m\u00eame soin, il sera possible de changer de mode de prise en charge en fonction des progr\u00e8s ou des difficult\u00e9s rencontr\u00e9es. L&rsquo;\u00e9quith\u00e9rapie est par exemple une possibilit\u00e9 d&rsquo;adaptation de la prise en charge.<\/p>\n<p>Sp\u00e9cialiste de la prise en charge des personnes victimes, souffrant ou non de stress post-traumatique, je poss\u00e8de des connaissances et des outils sp\u00e9cifiques, d&rsquo;orientation psychocorporelle ou TCC, permettant un soulagement plus ou moins rapide des sympt\u00f4mes. Je suis notamment form\u00e9e \u00e0 l&rsquo;Imagery Rescripting ou \u00e0 la m\u00e9thode TRE, entre autres.<\/p>\n<p>Si quelque chose vous g\u00eane ou vous pose question, n&rsquo;h\u00e9sitez pas \u00e0 m&rsquo;en faire part, pour moi une bonne relation entre th\u00e9rapeute et patient se fait dans <strong>la confiance et l&rsquo;honn\u00eatet\u00e9<\/strong>.<img loading=\"lazy\" decoding=\"async\" class=\" wp-image-48 alignleft\" src=\"https:\/\/equipense.fr\/wp-content\/uploads\/2018\/02\/4-1-201x300.jpg\" alt=\"\" width=\"309\" height=\"461\" srcset=\"https:\/\/equipense.fr\/wp-content\/uploads\/2018\/02\/4-1-201x300.jpg 201w, https:\/\/equipense.fr\/wp-content\/uploads\/2018\/02\/4-1-768x1147.jpg 768w, https:\/\/equipense.fr\/wp-content\/uploads\/2018\/02\/4-1-685x1024.jpg 685w, https:\/\/equipense.fr\/wp-content\/uploads\/2018\/02\/4-1-370x553.jpg 370w, https:\/\/equipense.fr\/wp-content\/uploads\/2018\/02\/4-1-1040x1554.jpg 1040w, https:\/\/equipense.fr\/wp-content\/uploads\/2018\/02\/4-1.jpg 1296w\" sizes=\"auto, (max-width: 309px) 100vw, 309px\" \/><\/p>\n<p>Mais attention, cette flexibilit\u00e9 et cette facilit\u00e9 de changement ne signifie pas pour autant que tout est simple. <strong>Le travail psychologique sur soi peut \u00eatre parfois long et difficile<\/strong>, car il nous demande de plonger par moments dans des eaux troubles et peu plaisantes, de s&rsquo;interroger sur des certitudes que nous pensions in\u00e9branlables ou encore de remettre en cause certains mode de fonctionnement que nous pensions justes. Je suis pr\u00eate \u00e0 vous accompagner o\u00f9 bon vous semblera sans aucune peur ni r\u00e9ticence et \u00e0 vous soutenir aussi longtemps que n\u00e9cessaire pour que vous trouviez \u00e0 nouveau l&rsquo;\u00e9quilibre et la s\u00e9r\u00e9nit\u00e9. <strong>Alors, si on faisait un bout de chemin ensemble ?<\/strong><\/p>\n","protected":false},"excerpt":{"rendered":"<p>Le cabinet se trouve au sein m\u00eame des Ecuries Dada Cool. Il se compose d&rsquo;une salle d&rsquo;attente et d&rsquo;un bureau accessibles aux personnes \u00e0 mobilit\u00e9 r\u00e9duite et poss\u00e8de une entr\u00e9e ind\u00e9pendante \u00e0 celle du centre[&#8230;]<\/p>\n","protected":false},"author":1,"featured_media":0,"parent":0,"menu_order":0,"comment_status":"closed","ping_status":"closed","template":"","meta":{"footnotes":""},"class_list":["post-30","page","type-page","status-publish","hentry"],"_links":{"self":[{"href":"https:\/\/equipense.fr\/index.php?rest_route=\/wp\/v2\/pages\/30","targetHints":{"allow":["GET"]}}],"collection":[{"href":"https:\/\/equipense.fr\/index.php?rest_route=\/wp\/v2\/pages"}],"about":[{"href":"https:\/\/equipense.fr\/index.php?rest_route=\/wp\/v2\/types\/page"}],"author":[{"embeddable":true,"href":"https:\/\/equipense.fr\/index.php?rest_route=\/wp\/v2\/users\/1"}],"replies":[{"embeddable":true,"href":"https:\/\/equipense.fr\/index.php?rest_route=%2Fwp%2Fv2%2Fcomments&post=30"}],"version-history":[{"count":11,"href":"https:\/\/equipense.fr\/index.php?rest_route=\/wp\/v2\/pages\/30\/revisions"}],"predecessor-version":[{"id":181,"href":"https:\/\/equipense.fr\/index.php?rest_route=\/wp\/v2\/pages\/30\/revisions\/181"}],"wp:attachment":[{"href":"https:\/\/equipense.fr\/index.php?rest_route=%2Fwp%2Fv2%2Fmedia&parent=30"}],"curies":[{"name":"wp","href":"https:\/\/api.w.org\/{rel}","templated":true}]}}